{"id":2,"date":"2018-05-22T00:00:00","date_gmt":"2018-05-22T00:00:00","guid":{"rendered":"http:\/\/tvxcablepichucalco.com.mx\/?page_id=2"},"modified":"2022-02-23T18:57:28","modified_gmt":"2022-02-23T18:57:28","slug":"sample-page","status":"publish","type":"page","link":"http:\/\/tvxcablepichucalco.com.mx\/?page_id=2","title":{"rendered":"Servicios"},"content":{"rendered":"<h1>\u00a1Consulta nuestros servicios!<\/h1>\n<blockquote><p>Mas de\u00a0<span class=\"yelloText\">80<\/span>\u00a0Canales<\/p><\/blockquote>\n<blockquote><p>Mensualidad Desde <span class=\"yelloText\">\u00a0$235<\/span><\/p><\/blockquote>\n<blockquote><p>Servicio T\u00e9cnico en tu Domicilio<\/p><\/blockquote>\n<p>&nbsp;<\/p>\n<p align=\"justify\">En Cablenext \u00a0te damos un servicio de calidad en televisi\u00f3n por cable, con tecnolog\u00eda y costos accesibles. Nuestra red de Fibra \u00d3ptica y Cable Coaxial est\u00e1 a la vanguardia de las telecomunicaciones, lo que nos permite Garantizar la calidad de nuestros servicios.<\/p>\n<p align=\"justify\">A diferencia de otras compa\u00f1\u00edas nosotros no lo dejamos solo y a la deriva.\u00a0 Contamos con el personal altamente capacitado y profesional para brindarle soporte y soluci\u00f3n a los problemas que pueda encontrar.<\/p>\n<p align=\"justify\">No estamos exentos de presentar fallas, \u00a0pero tenemos la capacidad, profesionalismo y compromiso de resolverlo en menos de 24 Hrs. Otras compa\u00f1\u00edas pueden tardar semanas o en el peor de los casos, hacer caso omiso a su petici\u00f3n.<\/p>\n<p align=\"justify\"><img loading=\"lazy\" class=\"alignnone size-full wp-image-2019\" src=\"http:\/\/tvxcablepichucalco.com.mx\/wp-content\/uploads\/2022\/02\/horario_nuevo.png\" alt=\"\" width=\"840\" height=\"400\" srcset=\"http:\/\/tvxcablepichucalco.com.mx\/wp-content\/uploads\/2022\/02\/horario_nuevo.png 840w, http:\/\/tvxcablepichucalco.com.mx\/wp-content\/uploads\/2022\/02\/horario_nuevo-300x143.png 300w, http:\/\/tvxcablepichucalco.com.mx\/wp-content\/uploads\/2022\/02\/horario_nuevo-768x366.png 768w\" sizes=\"(max-width: 840px) 100vw, 840px\" \/><\/p>\n<div role=\"form\" class=\"wpcf7\" id=\"wpcf7-f47-o1\" lang=\"en-US\" dir=\"ltr\">\n<div class=\"screen-reader-response\"><p role=\"status\" aria-live=\"polite\" aria-atomic=\"true\"><\/p> <ul><\/ul><\/div>\n<form action=\"\/index.php?rest_route=%2Fwp%2Fv2%2Fpages%2F2#wpcf7-f47-o1\" method=\"post\" class=\"wpcf7-form init\" novalidate=\"novalidate\" data-status=\"init\">\n<div style=\"display: none;\">\n<input type=\"hidden\" name=\"_wpcf7\" value=\"47\" \/>\n<input type=\"hidden\" name=\"_wpcf7_version\" value=\"5.4\" \/>\n<input type=\"hidden\" name=\"_wpcf7_locale\" value=\"en_US\" \/>\n<input type=\"hidden\" name=\"_wpcf7_unit_tag\" value=\"wpcf7-f47-o1\" \/>\n<input type=\"hidden\" name=\"_wpcf7_container_post\" value=\"0\" \/>\n<input type=\"hidden\" name=\"_wpcf7_posted_data_hash\" value=\"\" \/>\n<input type=\"hidden\" name=\"_wpcf7_recaptcha_response\" value=\"\" \/>\n<\/div>\n<p><label> Nombre completo (requerido)<br \/>\n    <span class=\"wpcf7-form-control-wrap your-name\"><input type=\"text\" name=\"your-name\" value=\"\" size=\"40\" class=\"wpcf7-form-control wpcf7-text wpcf7-validates-as-required\" aria-required=\"true\" aria-invalid=\"false\" \/><\/span> <\/label><\/p>\n<p><label> Tu correo (requerido)<br \/>\n    <span class=\"wpcf7-form-control-wrap your-email\"><input type=\"email\" name=\"your-email\" value=\"\" size=\"40\" class=\"wpcf7-form-control wpcf7-text wpcf7-email wpcf7-validates-as-required wpcf7-validates-as-email\" aria-required=\"true\" aria-invalid=\"false\" \/><\/span> <\/label><\/p>\n<p><label> Numero de celular (requerido)<br \/>\n<span class=\"wpcf7-form-control-wrap tel-26\"><input type=\"tel\" name=\"tel-26\" value=\"\" size=\"40\" class=\"wpcf7-form-control wpcf7-text wpcf7-tel wpcf7-validates-as-required wpcf7-validates-as-tel\" aria-required=\"true\" aria-invalid=\"false\" \/><\/span><\/label><\/p>\n<p><label>Motivo de contacto:<br \/>\n         <span class=\"wpcf7-form-control-wrap menu-18\"><select name=\"menu-18\" class=\"wpcf7-form-control wpcf7-select wpcf7-validates-as-required\" aria-required=\"true\" aria-invalid=\"false\"><option value=\"Contratar servicio\">Contratar servicio<\/option><option value=\"Soporte T\u00e9cnico\">Soporte T\u00e9cnico<\/option><option value=\"Quejas y sugerencias\">Quejas y sugerencias<\/option><\/select><\/span>   <\/label><\/p>\n<p><label> Escribe el mensaje<br \/>\n    <span class=\"wpcf7-form-control-wrap your-message\"><textarea name=\"your-message\" cols=\"40\" rows=\"10\" class=\"wpcf7-form-control wpcf7-textarea\" aria-invalid=\"false\"><\/textarea><\/span> <\/label><\/p>\n<p><span class=\"wpcf7-form-control-wrap acceptance-939\"><span class=\"wpcf7-form-control wpcf7-acceptance optional\"><span class=\"wpcf7-list-item\"><label><input type=\"checkbox\" name=\"acceptance-939\" value=\"1\" aria-invalid=\"false\" \/><span class=\"wpcf7-list-item-label\">Acepto los terminos y condiciones del sitio web<\/span><\/label><\/span><\/span><\/span><\/p>\n<p><input type=\"submit\" value=\"Enviar\" class=\"wpcf7-form-control wpcf7-submit\" \/><\/p>\n<div class=\"wpcf7-response-output\" aria-hidden=\"true\"><\/div><\/form><\/div>\n","protected":false},"excerpt":{"rendered":"<p>\u00a1Consulta nuestros servicios! Mas de\u00a080\u00a0Canales Mensualidad Desde \u00a0$235 Servicio T\u00e9cnico en tu Domicilio &nbsp; En Cablenext \u00a0te damos un servicio de calidad en televisi\u00f3n por cable, con tecnolog\u00eda y costos accesibles. Nuestra red de Fibra \u00d3ptica y Cable Coaxial est\u00e1 a la vanguardia de las telecomunicaciones, lo que nos permite Garantizar la calidad de nuestros [&hellip;]<\/p>\n","protected":false},"author":1,"featured_media":0,"parent":0,"menu_order":0,"comment_status":"closed","ping_status":"open","template":"","meta":[],"_links":{"self":[{"href":"http:\/\/tvxcablepichucalco.com.mx\/index.php?rest_route=\/wp\/v2\/pages\/2"}],"collection":[{"href":"http:\/\/tvxcablepichucalco.com.mx\/index.php?rest_route=\/wp\/v2\/pages"}],"about":[{"href":"http:\/\/tvxcablepichucalco.com.mx\/index.php?rest_route=\/wp\/v2\/types\/page"}],"author":[{"embeddable":true,"href":"http:\/\/tvxcablepichucalco.com.mx\/index.php?rest_route=\/wp\/v2\/users\/1"}],"replies":[{"embeddable":true,"href":"http:\/\/tvxcablepichucalco.com.mx\/index.php?rest_route=%2Fwp%2Fv2%2Fcomments&post=2"}],"version-history":[{"count":10,"href":"http:\/\/tvxcablepichucalco.com.mx\/index.php?rest_route=\/wp\/v2\/pages\/2\/revisions"}],"predecessor-version":[{"id":43,"href":"http:\/\/tvxcablepichucalco.com.mx\/index.php?rest_route=\/wp\/v2\/pages\/2\/revisions\/43"}],"wp:attachment":[{"href":"http:\/\/tvxcablepichucalco.com.mx\/index.php?rest_route=%2Fwp%2Fv2%2Fmedia&parent=2"}],"curies":[{"name":"wp","href":"https:\/\/api.w.org\/{rel}","templated":true}]}}