{"id":225,"date":"2020-09-29T17:22:30","date_gmt":"2020-09-29T17:22:30","guid":{"rendered":"http:\/\/tvxcablepichucalco.com.mx\/?page_id=225"},"modified":"2020-09-29T17:22:30","modified_gmt":"2020-09-29T17:22:30","slug":"requisitos-de-contratacion","status":"publish","type":"page","link":"http:\/\/tvxcablepichucalco.com.mx\/?page_id=225","title":{"rendered":"Requisitos de Contratacion"},"content":{"rendered":"<p style=\"text-align: center;\">Para poder disfrutar del mejor servicio de televisi\u00f3n por cable, es necesario acudir a nuestra oficina, para poder realizar tu contrato. Los requisito son los siguientes:<\/p>\n<p>1.- Copia de Identificaci\u00f3n con Fotograf\u00eda<\/p>\n<p>2.- Copia de Comprobante de Domicilio<\/p>\n<p>3.- Pago de Contrataci\u00f3n y Mensualidad.<\/p>\n","protected":false},"excerpt":{"rendered":"<p>Para poder disfrutar del mejor servicio de televisi\u00f3n por cable, es necesario acudir a nuestra oficina, para poder realizar tu contrato. Los requisito son los siguientes: 1.- Copia de Identificaci\u00f3n con Fotograf\u00eda 2.- Copia de Comprobante de Domicilio 3.- Pago de Contrataci\u00f3n y Mensualidad.<\/p>\n","protected":false},"author":2,"featured_media":0,"parent":0,"menu_order":0,"comment_status":"closed","ping_status":"closed","template":"","meta":[],"_links":{"self":[{"href":"http:\/\/tvxcablepichucalco.com.mx\/index.php?rest_route=\/wp\/v2\/pages\/225"}],"collection":[{"href":"http:\/\/tvxcablepichucalco.com.mx\/index.php?rest_route=\/wp\/v2\/pages"}],"about":[{"href":"http:\/\/tvxcablepichucalco.com.mx\/index.php?rest_route=\/wp\/v2\/types\/page"}],"author":[{"embeddable":true,"href":"http:\/\/tvxcablepichucalco.com.mx\/index.php?rest_route=\/wp\/v2\/users\/2"}],"replies":[{"embeddable":true,"href":"http:\/\/tvxcablepichucalco.com.mx\/index.php?rest_route=%2Fwp%2Fv2%2Fcomments&post=225"}],"version-history":[{"count":2,"href":"http:\/\/tvxcablepichucalco.com.mx\/index.php?rest_route=\/wp\/v2\/pages\/225\/revisions"}],"predecessor-version":[{"id":227,"href":"http:\/\/tvxcablepichucalco.com.mx\/index.php?rest_route=\/wp\/v2\/pages\/225\/revisions\/227"}],"wp:attachment":[{"href":"http:\/\/tvxcablepichucalco.com.mx\/index.php?rest_route=%2Fwp%2Fv2%2Fmedia&parent=225"}],"curies":[{"name":"wp","href":"https:\/\/api.w.org\/{rel}","templated":true}]}}